{"id":68,"date":"2022-09-02T18:07:09","date_gmt":"2022-09-02T18:07:09","guid":{"rendered":"https:\/\/kurfalitekel.com\/?page_id=68"},"modified":"2022-09-07T19:36:47","modified_gmt":"2022-09-07T19:36:47","slug":"iletisim-ve-adres","status":"publish","type":"page","link":"https:\/\/kurfalitekel.com\/?page_id=68","title":{"rendered":"\u0130leti\u015fim ve Adres"},"content":{"rendered":"\n<div class=\"row row-collapse row-full-width\"  id=\"row-2058721336\">\n\n\n\t<div id=\"col-542824142\" class=\"col small-12 large-12\"  >\n\t\t\t\t<div class=\"col-inner\"  >\n\t\t\t\n\t\t\t\n\n\t<section class=\"section has-parallax\" id=\"section_1688367443\">\n\t\t<div class=\"bg section-bg fill bg-fill  \" data-parallax-container=\".section\" data-parallax-background data-parallax=\"-6\">\n\n\t\t\t\n\t\t\t<div class=\"section-bg-overlay absolute fill\"><\/div>\n\t\t\t\n\n\t\t<\/div>\n\n\t\t\n\n\t\t<div class=\"section-content relative\">\n\t\t\t\n\n<div class=\"row row-collapse align-center\" style=\"max-width:\" id=\"row-407121570\">\n\n\n\t<div id=\"col-965798109\" class=\"col small-12 large-12\"  >\n\t\t\t\t<div class=\"col-inner text-center dark\"  >\n\t\t\t\n\t\t\t\n\n\t<div id=\"text-50019349\" class=\"text\">\n\t\t\n\n<h1><span style=\"font-size: 250%;\">Kurfal\u0131 Tekel Shop<\/span><\/h1>\n<p class=\"lead\"><span style=\"font-size: 120%;\">\u0130leti\u015fim Bilgileri<\/span><\/p>\n\t\t\n<style>\n#text-50019349 {\n  font-size: 0.75rem;\n  line-height: 0.75;\n  color: rgb(255, 255, 255);\n}\n#text-50019349 > * {\n  color: rgb(255, 255, 255);\n}\n<\/style>\n\t<\/div>\n\t\n\n\t\t<\/div>\n\t\t\t\t\n<style>\n#col-965798109 > .col-inner {\n  padding: 200px 15px 200px 0px;\n}\n@media (min-width:550px) {\n  #col-965798109 > .col-inner {\n    padding: 100px 0px 200px 0px;\n  }\n}\n<\/style>\n\t<\/div>\n\n\t\n\n<\/div>\n\n\t\t<\/div>\n\n\t\t\n<style>\n#section_1688367443 {\n  padding-top: 0px;\n  padding-bottom: 0px;\n  min-height: 0px;\n}\n#section_1688367443 .section-bg-overlay {\n  background-color: rgba(0,0,0,.5);\n}\n#section_1688367443 .section-bg.bg-loaded {\n  background-image: url(https:\/\/kurfalitekel.com\/wp-content\/uploads\/2022\/09\/kurfali-tekel-2-copy.jpg);\n}\n#section_1688367443 .section-bg {\n  background-position: 53% 59%;\n}\n#section_1688367443 .ux-shape-divider--top svg {\n  height: 150px;\n  --divider-top-width: 100%;\n}\n#section_1688367443 .ux-shape-divider--bottom svg {\n  height: 150px;\n  --divider-width: 100%;\n}\n@media (min-width:550px) {\n  #section_1688367443 {\n    padding-top: 0px;\n    padding-bottom: 0px;\n  }\n  #section_1688367443 .section-bg-overlay {\n    background-color: rgba(0, 0, 0, 0.21);\n  }\n}\n@media (min-width:850px) {\n  #section_1688367443 {\n    padding-top: 32px;\n    padding-bottom: 32px;\n  }\n  #section_1688367443 .section-bg-overlay {\n    background-color: rgba(0, 0, 0, 0.622);\n  }\n}\n<\/style>\n\t<\/section>\n\t\n\n\t\t<\/div>\n\t\t\t\t\n<style>\n#col-542824142 > .col-inner {\n  padding: 0px 30px 0px 30px;\n}\n<\/style>\n\t<\/div>\n\n\t\n\n<\/div>\n<div class=\"row row-large\" style=\"max-width:1400px\" id=\"row-2124929133\">\n\n\n\t<div id=\"col-1365416001\" class=\"col small-12 large-12\"  >\n\t\t\t\t<div class=\"col-inner\" style=\"background-color:rgb(255, 255, 255);\" >\n\t\t\t\n\t\t\t\n\n<div class=\"row row-collapse row-full-width\"  id=\"row-1475795062\">\n\n\n\t<div id=\"col-520691974\" class=\"col medium-12 small-12 large-12\"  >\n\t\t\t\t<div class=\"col-inner\"  >\n\t\t\t\n\t\t\t\n\n<h2><span style=\"font-size: 120%;\">Kurfal\u0131 Tekel Shop<\/span><\/h2>\n<p>A\u015fa\u011f\u0131daki ileti\u015fim bilgilerinden bize ula\u015f\u0131p sipari\u015flerinizi verebilirsiniz.<\/p>\n\t<div id=\"gap-359103417\" class=\"gap-element clearfix\" style=\"display:block; height:auto;\">\n\t\t\n<style>\n#gap-359103417 {\n  padding-top: 20px;\n}\n@media (min-width:550px) {\n  #gap-359103417 {\n    padding-top: 20px;\n  }\n}\n@media (min-width:850px) {\n  #gap-359103417 {\n    padding-top: 30px;\n  }\n}\n<\/style>\n\t<\/div>\n\t\n\n<div class=\"row\"  id=\"row-1334833061\">\n\n\n\t<div id=\"col-912174426\" class=\"col medium-6 small-12 large-6\"  >\n\t\t\t\t<div class=\"col-inner\"  >\n\t\t\t\n\t\t\t\n\n\t<div class=\"img has-hover x md-x lg-x y md-y lg-y\" id=\"image_1226363212\">\n\t\t\t\t\t\t\t\t<div class=\"img-inner dark\" >\n\t\t\t<img loading=\"lazy\" decoding=\"async\" width=\"240\" height=\"240\" src=\"https:\/\/kurfalitekel.com\/wp-content\/uploads\/2022\/09\/map-pin-2-fill-2.png\" class=\"attachment-large size-large\" alt=\"\" srcset=\"https:\/\/kurfalitekel.com\/wp-content\/uploads\/2022\/09\/map-pin-2-fill-2.png 240w, https:\/\/kurfalitekel.com\/wp-content\/uploads\/2022\/09\/map-pin-2-fill-2-150x150.png 150w\" sizes=\"auto, (max-width: 240px) 100vw, 240px\" \/>\t\t\t\t\t\t\n\t\t\t\t\t<\/div>\n\t\t\t\t\t\t\t\t\n<style>\n#image_1226363212 {\n  width: 15%;\n}\n@media (min-width:550px) {\n  #image_1226363212 {\n    width: 20%;\n  }\n}\n<\/style>\n\t<\/div>\n\t\n\n<h3 class=\"uppercase\">Adres<\/h3>\n<p><span style=\"color: #000000;\">Cumhuriyet, Abdi \u0130pek\u00e7i Cd. No:6\/A, 34876 Kartal\/\u0130stanbul<\/span><\/p>\n\n\t\t<\/div>\n\t\t\t\t\t<\/div>\n\n\t\n\n\t<div id=\"col-482521571\" class=\"col medium-5 small-12 large-6\"  >\n\t\t\t\t<div class=\"col-inner\"  >\n\t\t\t\n\t\t\t\n\n\t<div class=\"img has-hover x md-x lg-x y md-y lg-y\" id=\"image_280901454\">\n\t\t\t\t\t\t\t\t<div class=\"img-inner dark\" >\n\t\t\t<img loading=\"lazy\" decoding=\"async\" width=\"240\" height=\"240\" src=\"https:\/\/kurfalitekel.com\/wp-content\/uploads\/2022\/09\/time-fill.png\" class=\"attachment-large size-large\" alt=\"\" srcset=\"https:\/\/kurfalitekel.com\/wp-content\/uploads\/2022\/09\/time-fill.png 240w, https:\/\/kurfalitekel.com\/wp-content\/uploads\/2022\/09\/time-fill-150x150.png 150w\" sizes=\"auto, (max-width: 240px) 100vw, 240px\" \/>\t\t\t\t\t\t\n\t\t\t\t\t<\/div>\n\t\t\t\t\t\t\t\t\n<style>\n#image_280901454 {\n  width: 15%;\n}\n@media (min-width:550px) {\n  #image_280901454 {\n    width: 20%;\n  }\n}\n<\/style>\n\t<\/div>\n\t\n\n<h3 class=\"uppercase\">\u00c7Al\u0131\u015fma Saatleri<\/h3>\n<p>Haftan\u0131n her g\u00fcn\u00fc saat 06:00&#8217;dan 02:00&#8217;a kadar hizmet vermekteyiz.<\/p>\n\n\t\t<\/div>\n\t\t\t\t\t<\/div>\n\n\t\n\n<\/div>\n<div class=\"row\"  id=\"row-508928310\">\n\n\n\t<div id=\"col-23753220\" class=\"col medium-6 small-12 large-6\"  >\n\t\t\t\t<div class=\"col-inner\"  >\n\t\t\t\n\t\t\t\n\n\t<div class=\"img has-hover x md-x lg-x y md-y lg-y\" id=\"image_1204890780\">\n\t\t\t\t\t\t\t\t<div class=\"img-inner dark\" >\n\t\t\t<img loading=\"lazy\" decoding=\"async\" width=\"240\" height=\"240\" src=\"https:\/\/kurfalitekel.com\/wp-content\/uploads\/2022\/09\/mail-open-fill.png\" class=\"attachment-large size-large\" alt=\"\" srcset=\"https:\/\/kurfalitekel.com\/wp-content\/uploads\/2022\/09\/mail-open-fill.png 240w, https:\/\/kurfalitekel.com\/wp-content\/uploads\/2022\/09\/mail-open-fill-150x150.png 150w\" sizes=\"auto, (max-width: 240px) 100vw, 240px\" \/>\t\t\t\t\t\t\n\t\t\t\t\t<\/div>\n\t\t\t\t\t\t\t\t\n<style>\n#image_1204890780 {\n  width: 15%;\n}\n@media (min-width:550px) {\n  #image_1204890780 {\n    width: 20%;\n  }\n}\n<\/style>\n\t<\/div>\n\t\n\n<h3 class=\"uppercase\">E-mail<\/h3>\n<p>kurfalitekel@gmail.com<\/p>\n\n\t\t<\/div>\n\t\t\t\t\t<\/div>\n\n\t\n\n\t<div id=\"col-1514653351\" class=\"col medium-6 small-12 large-6\"  >\n\t\t\t\t<div class=\"col-inner\"  >\n\t\t\t\n\t\t\t\n\n\t<div class=\"img has-hover x md-x lg-x y md-y lg-y\" id=\"image_560556658\">\n\t\t\t\t\t\t\t\t<div class=\"img-inner dark\" >\n\t\t\t<img loading=\"lazy\" decoding=\"async\" width=\"240\" height=\"240\" src=\"https:\/\/kurfalitekel.com\/wp-content\/uploads\/2022\/09\/phone-fill.png\" class=\"attachment-large size-large\" alt=\"\" srcset=\"https:\/\/kurfalitekel.com\/wp-content\/uploads\/2022\/09\/phone-fill.png 240w, https:\/\/kurfalitekel.com\/wp-content\/uploads\/2022\/09\/phone-fill-150x150.png 150w\" sizes=\"auto, (max-width: 240px) 100vw, 240px\" \/>\t\t\t\t\t\t\n\t\t\t\t\t<\/div>\n\t\t\t\t\t\t\t\t\n<style>\n#image_560556658 {\n  width: 15%;\n}\n@media (min-width:550px) {\n  #image_560556658 {\n    width: 20%;\n  }\n}\n<\/style>\n\t<\/div>\n\t\n\n<h3 class=\"uppercase\">Telefon Numaras\u0131<\/h3>\n<p><span style=\"color: #000000;\">05543314155<\/span><\/p>\n\n\n\t\t<\/div>\n\t\t\t\t\t<\/div>\n\n\t\n\n<\/div>\n\n\t\t<\/div>\n\t\t\t\t\n<style>\n#col-520691974 > .col-inner {\n  padding: 0px 0px 0px 20px;\n}\n<\/style>\n\t<\/div>\n\n\t\n\n\n<style>\n#row-1475795062 > .col > .col-inner {\n  padding: 0px 15px 0px 15px;\n}\n<\/style>\n<\/div>\n\n\t\t<\/div>\n\t\t\t\t\n<style>\n#col-1365416001 > .col-inner {\n  padding: 50px 20px 0px 20px;\n  margin: -0 0px 0px 0px;\n}\n@media (min-width:550px) {\n  #col-1365416001 > .col-inner {\n    padding: 50px 20px 30px 20px;\n    margin: 0 0px 0px 0px;\n  }\n}\n@media (min-width:850px) {\n  #col-1365416001 > .col-inner {\n    padding: 66px 5% 16px 5%;\n    margin: -135px 0px 0px 0px;\n  }\n}\n<\/style>\n\t<\/div>\n\n\t\n\n<\/div>\n<div class=\"row row-collapse row-full-width\"  id=\"row-1614253990\">\n\n\n\t<div id=\"col-1818764904\" class=\"col small-12 large-12\"  >\n\t\t\t\t<div class=\"col-inner\"  >\n\t\t\t\n\t\t\t\n\n\n\n<iframe src=\"https:\/\/www.google.com\/maps\/embed?pb=!1m18!1m12!1m3!1d3015.7836430987613!2d29.223144515716456!3d40.898560634117594!2m3!1f0!2f0!3f0!3m2!1i1024!2i768!4f13.1!3m3!1m2!1s0x14cac5d8dfa8de57%3A0x23f03847847de7ca!2sKurfal%C4%B1%20Tekel%20Shop!5e0!3m2!1str!2str!4v1662145103920!5m2!1str!2str\" width=\"100%\" height=\"400\" style=\"border:0;\" allowfullscreen=\"\" loading=\"lazy\" referrerpolicy=\"no-referrer-when-downgrade\"><\/iframe>\n\n<p style=\"text-align: center;\"><span style=\"color: #ffffff;\">Kartal Kurfal\u0131 Tekel Servis &#8211; Kartal Kurfal\u0131 7\/24 A\u00e7\u0131k Tekel Servis, Tekel Servis olarak Kartal Kurfal\u0131 da m\u00fc\u015fterilerimize 7\/24 saat h\u0131zl\u0131 hizmet sunmaktay\u0131z. Kartal Kurfal\u0131 Tekel Servis \u00fczerinden bir tekel bayide ne varsa sipari\u015f edebilirsiniz. Kartal Kurfal\u0131 tekel bayi. 7\/24 Kartal Kurfal\u0131 Tekel Servis b7\/24 Kartal Kurfal\u0131 Yak\u0131n Tekel Bayii. Kartal Kurfal\u0131 Gece A\u00e7\u0131k Tekel. Kartal Kurfal\u0131 7\/24 Tekel Sipari\u015f. Kartal Kurfal\u0131 Online Tekel Servis \u2013Kartal Kurfal\u0131 Online Tekel Sipari\u015f. Kartal Kurfal\u0131 Tekel Servis -Kartal Kurfal\u0131 7\/24 A\u00e7\u0131k Tekel Servis. 7\/24 Kartal Kurfal\u0131 Tekel Servis.<\/span><br><span style=\"color: #ffffff;\">7\/24 Kartal Kurfal\u0131 Yak\u0131n Tekel Bayii. Kartal Kurfal\u0131 Gece A\u00e7\u0131k Tekel.<\/span><br><span style=\"color: #ffffff;\">Kartal Kurfal\u0131 7\/24 Tekel Sipari\u015f. Kartal Kurfal\u0131 Online Tekel Servis \u2013Kartal Kurfal\u0131 Online Tekel Sipari\u015f.<\/span><\/p>\n\n\t\t<\/div>\n\t\t\t\t\n<style>\n#col-1818764904 > .col-inner {\n  padding: 0px 30px 0px 30px;\n}\n<\/style>\n\t<\/div>\n\n\t\n\n<\/div>\n","protected":false},"excerpt":{"rendered":"","protected":false},"author":1,"featured_media":74,"parent":0,"menu_order":0,"comment_status":"closed","ping_status":"closed","template":"page-blank.php","meta":{"footnotes":""},"class_list":["post-68","page","type-page","status-publish","has-post-thumbnail","hentry"],"_links":{"self":[{"href":"https:\/\/kurfalitekel.com\/index.php?rest_route=\/wp\/v2\/pages\/68","targetHints":{"allow":["GET"]}}],"collection":[{"href":"https:\/\/kurfalitekel.com\/index.php?rest_route=\/wp\/v2\/pages"}],"about":[{"href":"https:\/\/kurfalitekel.com\/index.php?rest_route=\/wp\/v2\/types\/page"}],"author":[{"embeddable":true,"href":"https:\/\/kurfalitekel.com\/index.php?rest_route=\/wp\/v2\/users\/1"}],"replies":[{"embeddable":true,"href":"https:\/\/kurfalitekel.com\/index.php?rest_route=%2Fwp%2Fv2%2Fcomments&post=68"}],"version-history":[{"count":7,"href":"https:\/\/kurfalitekel.com\/index.php?rest_route=\/wp\/v2\/pages\/68\/revisions"}],"predecessor-version":[{"id":157,"href":"https:\/\/kurfalitekel.com\/index.php?rest_route=\/wp\/v2\/pages\/68\/revisions\/157"}],"wp:featuredmedia":[{"embeddable":true,"href":"https:\/\/kurfalitekel.com\/index.php?rest_route=\/wp\/v2\/media\/74"}],"wp:attachment":[{"href":"https:\/\/kurfalitekel.com\/index.php?rest_route=%2Fwp%2Fv2%2Fmedia&parent=68"}],"curies":[{"name":"wp","href":"https:\/\/api.w.org\/{rel}","templated":true}]}}