{"id":54,"date":"2022-09-02T14:36:38","date_gmt":"2022-09-02T14:36:38","guid":{"rendered":"https:\/\/kurfalitekel.com\/?page_id=54"},"modified":"2022-09-07T19:34:01","modified_gmt":"2022-09-07T19:34:01","slug":"anasayfa","status":"publish","type":"page","link":"https:\/\/kurfalitekel.com\/","title":{"rendered":"Kurfal\u0131 Tekel"},"content":{"rendered":"\n<div class=\"slider-wrapper relative\" id=\"slider-156022063\" >\n    <div class=\"slider slider-nav-circle slider-nav-large slider-nav-light slider-style-normal\"\n        data-flickity-options='{\n            \"cellAlign\": \"center\",\n            \"imagesLoaded\": true,\n            \"lazyLoad\": 1,\n            \"freeScroll\": false,\n            \"wrapAround\": true,\n            \"autoPlay\": 6000,\n            \"pauseAutoPlayOnHover\" : true,\n            \"prevNextButtons\": true,\n            \"contain\" : true,\n            \"adaptiveHeight\" : true,\n            \"dragThreshold\" : 10,\n            \"percentPosition\": true,\n            \"pageDots\": true,\n            \"rightToLeft\": false,\n            \"draggable\": true,\n            \"selectedAttraction\": 0.1,\n            \"parallax\" : 0,\n            \"friction\": 0.6        }'\n        >\n        \n\n\n  <div class=\"banner has-hover bg-fade-in\" id=\"banner-833273940\">\n          <div class=\"banner-inner fill\">\n        <div class=\"banner-bg fill\" >\n            <div class=\"bg fill bg-fill \"><\/div>\n                        <div class=\"overlay\"><\/div>            \n            <div class=\"effect-sparkle bg-effect fill no-click\"><\/div>        <\/div>\n\t\t\n        <div class=\"banner-layers container\">\n            <div class=\"fill banner-link\"><\/div>            \n\n   <div id=\"text-box-739084465\" class=\"text-box banner-layer x50 md-x50 lg-x50 y50 md-y50 lg-y50 res-text\">\n                                <div class=\"text-box-content text dark\">\n              \n              <div class=\"text-inner text-center\">\n                  \n\n\t<div id=\"text-2009357110\" class=\"text\">\n\t\t\n\n<h3 class=\"uppercase\"><b>kURFALI tekel &#8211; 7\/24 Hizmet<\/b><\/h3>\n<p>Her \u00e7e\u015fit , Tekel \u00fcr\u00fcn\u00fc ve di\u011fer i\u00e7eceklerin yan\u0131 s\u0131ra kuruyemi\u015f ve market sipari\u015finizi de bir telefonla sipari\u015f verebilirsiniz. Evinize veya i\u015f yerinize&nbsp; kadar getiriyoruz.<\/p>\n\t\t\n<style>\n#text-2009357110 {\n  font-size: 0.85rem;\n}\n<\/style>\n\t<\/div>\n\t\n\n              <\/div>\n           <\/div>\n                            \n<style>\n#text-box-739084465 {\n  width: 82%;\n}\n#text-box-739084465 .text-box-content {\n  font-size: 100%;\n}\n@media (min-width:550px) {\n  #text-box-739084465 {\n    width: 60%;\n  }\n}\n<\/style>\n    <\/div>\n \n\n        <\/div>\n      <\/div>\n\n            \n<style>\n#banner-833273940 {\n  padding-top: 400px;\n}\n#banner-833273940 .bg.bg-loaded {\n  background-image: url(https:\/\/kurfalitekel.com\/wp-content\/uploads\/2022\/09\/kurfali-tekel.jpeg);\n}\n#banner-833273940 .overlay {\n  background-color: rgba(0, 0, 0, 0.57);\n}\n#banner-833273940 .bg {\n  background-position: 66% 37%;\n}\n#banner-833273940 .ux-shape-divider--top svg {\n  height: 150px;\n  --divider-top-width: 100%;\n}\n#banner-833273940 .ux-shape-divider--bottom svg {\n  height: 150px;\n  --divider-width: 100%;\n}\n<\/style>\n  <\/div>\n\n\n\n     <\/div>\n\n     <div class=\"loading-spin dark large centered\"><\/div>\n\n     \t<\/div>\n\n\n<div class=\"container section-title-container\" ><h2 class=\"section-title section-title-bold-center\"><b><\/b><span class=\"section-title-main\" style=\"font-size:109%;color:rgb(0, 77, 145);\"><i class=\"icon-angle-down\" ><\/i>S\u0130PAR\u0130\u015e TERC\u0130H\u0130N\u0130 SE\u00c7 VE TIKLA<\/span><b><\/b><\/h2><\/div>\n\n<div class=\"row\"  id=\"row-2130969416\">\n\n\n\t<div id=\"col-907298991\" class=\"col medium-6 small-12 large-6\"  >\n\t\t\t\t<div class=\"col-inner\"  >\n\t\t\t\n\t\t\t\n\n<a href=\"tel:905543314155\" target=\"_self\" class=\"button primary is-larger box-shadow-4 box-shadow-5-hover expand\"  >\n    <span>Telefonla Sipari\u015f \u0130\u00e7in t\u0131kla<\/span>\n  <i class=\"icon-angle-left\" ><\/i><\/a>\n\n\n\n\t\t<\/div>\n\t\t\t\t\t<\/div>\n\n\t\n\n\t<div id=\"col-932889935\" class=\"col medium-6 small-12 large-6\"  >\n\t\t\t\t<div class=\"col-inner\"  >\n\t\t\t\n\t\t\t\n\n<a href=\"https:\/\/wa.me\/905543314155?text=Merhaba%20sipari%C5%9F%20vermek%20istiyorum.\" target=\"_self\" class=\"button success is-larger box-shadow-4 box-shadow-5-hover expand\" rel=\"nofollow noopener\">\n    <span>Whatsapp Sipari\u015f \u0130\u00e7in T\u0131kla<\/span>\n  <i class=\"icon-angle-left\" ><\/i><\/a>\n\n\n\n\t\t<\/div>\n\t\t\t\t\t<\/div>\n\n\t\n\n<\/div>\n<div class=\"container section-title-container\" ><h3 class=\"section-title section-title-bold-center\"><b><\/b><span class=\"section-title-main\" style=\"color:rgb(0, 77, 145);\">Kurfal\u0131 Tekel  SHOP<\/span><b><\/b><\/h3><\/div>\n\n  <style>\n    #gallery-1758882349 .grid-col-1{height: 700px}\n    #gallery-1758882349 .grid-col-1-2{height: 350px}\n    #gallery-1758882349 .grid-col-1-3{height:233.33333333333px}\n    #gallery-1758882349 .grid-col-2-3{height: 466.66666666667px}\n    #gallery-1758882349 .grid-col-1-4{height: 175px}\n    #gallery-1758882349 .grid-col-3-4{height: 525px}\n\n\n        \/* Tablet *\/\n    @media (max-width: 850px){\n      #gallery-1758882349 .grid-col-1{height: 466.66666666667px}\n      #gallery-1758882349 .grid-col-1-2{height: 233.33333333333px}\n      #gallery-1758882349 .grid-col-1-3{height:155.55555555556px}\n      #gallery-1758882349 .grid-col-2-3{height: 311.11111111111px}\n      #gallery-1758882349 .grid-col-1-4{height: 116.66666666667px}\n      #gallery-1758882349 .grid-col-3-4{height: 350px}\n    }\n    \n        \/* Mobile *\/\n    @media (max-width: 550px){\n      #gallery-1758882349 .grid-col-1{height: 466.66666666667px}\n      #gallery-1758882349 .grid-col-1-2{height: 233.33333333333px}\n      #gallery-1758882349 .grid-col-1-3{height:155.55555555556px}\n      #gallery-1758882349 .grid-col-2-3{height: 311.11111111111px}\n      #gallery-1758882349 .grid-col-1-4{height: 116.66666666667px}\n      #gallery-1758882349 .grid-col-3-4{height: 350px}\n    }\n    \n\n  <\/style>\n  \n  \n    <div id=\"gallery-1758882349\" class=\"row row-large row-full-width row-grid\" data-packery-options='{\"itemSelector\": \".col\", \"gutter\": 0, \"presentageWidth\" : true}'>\n\n  <div class=\"gallery-col col grid-col grid-col-1 large-12 medium-12\" data-animate=\"fadeInLeft\">\n          <div class=\"col-inner\">\n            <a class=\"image-lightbox lightbox-gallery\" href=\"https:\/\/kurfalitekel.com\/wp-content\/uploads\/2022\/09\/kurfali-tekel-2-copy.jpg\" title=\"\">            <div class=\"box has-hover gallery-box box-overlay dark box-text-center\">\n              <div class=\"box-image box-shadow-4-hover\" >\n                <img loading=\"lazy\" decoding=\"async\" width=\"1020\" height=\"765\" src=\"https:\/\/kurfalitekel.com\/wp-content\/uploads\/2022\/09\/kurfali-tekel-2-copy-1024x768.jpg\" class=\"attachment-large size-large\" alt=\"Kurfal\u0131 tekel\" ids=\"72,73,74,75,76,77,80\" style=\"none\" lightbox_image_size=\"original\" type=\"grid\" grid=\"2\" grid_height=\"700px\" col_spacing=\"large\" depth_hover=\"4\" animate=\"fadeInLeft\" image_size=\"original\" srcset=\"https:\/\/kurfalitekel.com\/wp-content\/uploads\/2022\/09\/kurfali-tekel-2-copy-1024x768.jpg 1024w, https:\/\/kurfalitekel.com\/wp-content\/uploads\/2022\/09\/kurfali-tekel-2-copy-300x225.jpg 300w, https:\/\/kurfalitekel.com\/wp-content\/uploads\/2022\/09\/kurfali-tekel-2-copy-768x576.jpg 768w, https:\/\/kurfalitekel.com\/wp-content\/uploads\/2022\/09\/kurfali-tekel-2-copy-1536x1152.jpg 1536w, https:\/\/kurfalitekel.com\/wp-content\/uploads\/2022\/09\/kurfali-tekel-2-copy.jpg 1600w\" sizes=\"auto, (max-width: 1020px) 100vw, 1020px\" \/>                                  <div class=\"overlay fill\"\n                      style=\"background-color: rgba(0,0,0,.15)\">\n                  <\/div>\n                                                              <\/div>\n              <div class=\"box-text text-left dark\" >\n                 <p><\/p>\n              <\/div>\n            <\/div>\n            <\/a>          <\/div>\n         <\/div><div class=\"gallery-col col grid-col grid-col-1-3 large-4 medium-12\" data-animate=\"fadeInLeft\">\n          <div class=\"col-inner\">\n            <a class=\"image-lightbox lightbox-gallery\" href=\"https:\/\/kurfalitekel.com\/wp-content\/uploads\/2022\/09\/kurfali-tekel-1.jpg\" title=\"\">            <div class=\"box has-hover gallery-box box-overlay dark box-text-center\">\n              <div class=\"box-image box-shadow-4-hover\" >\n                <img loading=\"lazy\" decoding=\"async\" width=\"768\" height=\"1024\" src=\"https:\/\/kurfalitekel.com\/wp-content\/uploads\/2022\/09\/kurfali-tekel-1-768x1024.jpg\" class=\"attachment-large size-large\" alt=\"Kurfal\u0131 tekel\" ids=\"72,73,74,75,76,77,80\" style=\"none\" lightbox_image_size=\"original\" type=\"grid\" grid=\"2\" grid_height=\"700px\" col_spacing=\"large\" depth_hover=\"4\" animate=\"fadeInLeft\" image_size=\"original\" srcset=\"https:\/\/kurfalitekel.com\/wp-content\/uploads\/2022\/09\/kurfali-tekel-1-768x1024.jpg 768w, https:\/\/kurfalitekel.com\/wp-content\/uploads\/2022\/09\/kurfali-tekel-1-225x300.jpg 225w, https:\/\/kurfalitekel.com\/wp-content\/uploads\/2022\/09\/kurfali-tekel-1-1152x1536.jpg 1152w, https:\/\/kurfalitekel.com\/wp-content\/uploads\/2022\/09\/kurfali-tekel-1.jpg 1536w\" sizes=\"auto, (max-width: 768px) 100vw, 768px\" \/>                                  <div class=\"overlay fill\"\n                      style=\"background-color: rgba(0,0,0,.15)\">\n                  <\/div>\n                                                              <\/div>\n              <div class=\"box-text text-left dark\" >\n                 <p><\/p>\n              <\/div>\n            <\/div>\n            <\/a>          <\/div>\n         <\/div><div class=\"gallery-col col grid-col grid-col-1-3 large-4 medium-12\" data-animate=\"fadeInLeft\">\n          <div class=\"col-inner\">\n            <a class=\"image-lightbox lightbox-gallery\" href=\"https:\/\/kurfalitekel.com\/wp-content\/uploads\/2022\/09\/kurfali-tekel-3.jpg\" title=\"\">            <div class=\"box has-hover gallery-box box-overlay dark box-text-center\">\n              <div class=\"box-image box-shadow-4-hover\" >\n                <img loading=\"lazy\" decoding=\"async\" width=\"1020\" height=\"765\" src=\"https:\/\/kurfalitekel.com\/wp-content\/uploads\/2022\/09\/kurfali-tekel-3-1024x768.jpg\" class=\"attachment-large size-large\" alt=\"Kurfal\u0131 tekel\" ids=\"72,73,74,75,76,77,80\" style=\"none\" lightbox_image_size=\"original\" type=\"grid\" grid=\"2\" grid_height=\"700px\" col_spacing=\"large\" depth_hover=\"4\" animate=\"fadeInLeft\" image_size=\"original\" srcset=\"https:\/\/kurfalitekel.com\/wp-content\/uploads\/2022\/09\/kurfali-tekel-3-1024x768.jpg 1024w, https:\/\/kurfalitekel.com\/wp-content\/uploads\/2022\/09\/kurfali-tekel-3-300x225.jpg 300w, https:\/\/kurfalitekel.com\/wp-content\/uploads\/2022\/09\/kurfali-tekel-3-768x576.jpg 768w, https:\/\/kurfalitekel.com\/wp-content\/uploads\/2022\/09\/kurfali-tekel-3-1536x1152.jpg 1536w, https:\/\/kurfalitekel.com\/wp-content\/uploads\/2022\/09\/kurfali-tekel-3.jpg 1600w\" sizes=\"auto, (max-width: 1020px) 100vw, 1020px\" \/>                                  <div class=\"overlay fill\"\n                      style=\"background-color: rgba(0,0,0,.15)\">\n                  <\/div>\n                                                              <\/div>\n              <div class=\"box-text text-left dark\" >\n                 <p><\/p>\n              <\/div>\n            <\/div>\n            <\/a>          <\/div>\n         <\/div><div class=\"gallery-col col grid-col grid-col-1-3 large-4 medium-12\" data-animate=\"fadeInLeft\">\n          <div class=\"col-inner\">\n            <a class=\"image-lightbox lightbox-gallery\" href=\"https:\/\/kurfalitekel.com\/wp-content\/uploads\/2022\/09\/kurfali-tekel-4.jpg\" title=\"\">            <div class=\"box has-hover gallery-box box-overlay dark box-text-center\">\n              <div class=\"box-image box-shadow-4-hover\" >\n                <img loading=\"lazy\" decoding=\"async\" width=\"1020\" height=\"765\" src=\"https:\/\/kurfalitekel.com\/wp-content\/uploads\/2022\/09\/kurfali-tekel-4-1024x768.jpg\" class=\"attachment-large size-large\" alt=\"Kurfal\u0131 tekel\" ids=\"72,73,74,75,76,77,80\" style=\"none\" lightbox_image_size=\"original\" type=\"grid\" grid=\"2\" grid_height=\"700px\" col_spacing=\"large\" depth_hover=\"4\" animate=\"fadeInLeft\" image_size=\"original\" srcset=\"https:\/\/kurfalitekel.com\/wp-content\/uploads\/2022\/09\/kurfali-tekel-4-1024x768.jpg 1024w, https:\/\/kurfalitekel.com\/wp-content\/uploads\/2022\/09\/kurfali-tekel-4-300x225.jpg 300w, https:\/\/kurfalitekel.com\/wp-content\/uploads\/2022\/09\/kurfali-tekel-4-768x576.jpg 768w, https:\/\/kurfalitekel.com\/wp-content\/uploads\/2022\/09\/kurfali-tekel-4-1536x1152.jpg 1536w, https:\/\/kurfalitekel.com\/wp-content\/uploads\/2022\/09\/kurfali-tekel-4.jpg 2048w\" sizes=\"auto, (max-width: 1020px) 100vw, 1020px\" \/>                                  <div class=\"overlay fill\"\n                      style=\"background-color: rgba(0,0,0,.15)\">\n                  <\/div>\n                                                              <\/div>\n              <div class=\"box-text text-left dark\" >\n                 <p><\/p>\n              <\/div>\n            <\/div>\n            <\/a>          <\/div>\n         <\/div><div class=\"gallery-col col grid-col grid-col-1-3 large-4 medium-12\" data-animate=\"fadeInLeft\">\n          <div class=\"col-inner\">\n            <a class=\"image-lightbox lightbox-gallery\" href=\"https:\/\/kurfalitekel.com\/wp-content\/uploads\/2022\/09\/kurfali-tekel-5.jpg\" title=\"\">            <div class=\"box has-hover gallery-box box-overlay dark box-text-center\">\n              <div class=\"box-image box-shadow-4-hover\" >\n                <img loading=\"lazy\" decoding=\"async\" width=\"1020\" height=\"765\" src=\"https:\/\/kurfalitekel.com\/wp-content\/uploads\/2022\/09\/kurfali-tekel-5-1024x768.jpg\" class=\"attachment-large size-large\" alt=\"Kurfal\u0131 tekel\" ids=\"72,73,74,75,76,77,80\" style=\"none\" lightbox_image_size=\"original\" type=\"grid\" grid=\"2\" grid_height=\"700px\" col_spacing=\"large\" depth_hover=\"4\" animate=\"fadeInLeft\" image_size=\"original\" srcset=\"https:\/\/kurfalitekel.com\/wp-content\/uploads\/2022\/09\/kurfali-tekel-5-1024x768.jpg 1024w, https:\/\/kurfalitekel.com\/wp-content\/uploads\/2022\/09\/kurfali-tekel-5-300x225.jpg 300w, https:\/\/kurfalitekel.com\/wp-content\/uploads\/2022\/09\/kurfali-tekel-5-768x576.jpg 768w, https:\/\/kurfalitekel.com\/wp-content\/uploads\/2022\/09\/kurfali-tekel-5-1536x1152.jpg 1536w, https:\/\/kurfalitekel.com\/wp-content\/uploads\/2022\/09\/kurfali-tekel-5.jpg 2048w\" sizes=\"auto, (max-width: 1020px) 100vw, 1020px\" \/>                                  <div class=\"overlay fill\"\n                      style=\"background-color: rgba(0,0,0,.15)\">\n                  <\/div>\n                                                              <\/div>\n              <div class=\"box-text text-left dark\" >\n                 <p><\/p>\n              <\/div>\n            <\/div>\n            <\/a>          <\/div>\n         <\/div><div class=\"gallery-col col grid-col grid-col-1-3 large-4 medium-12\" data-animate=\"fadeInLeft\">\n          <div class=\"col-inner\">\n            <a class=\"image-lightbox lightbox-gallery\" href=\"https:\/\/kurfalitekel.com\/wp-content\/uploads\/2022\/09\/kurfali-tekel.jpg\" title=\"\">            <div class=\"box has-hover gallery-box box-overlay dark box-text-center\">\n              <div class=\"box-image box-shadow-4-hover\" >\n                <img loading=\"lazy\" decoding=\"async\" width=\"1020\" height=\"765\" src=\"https:\/\/kurfalitekel.com\/wp-content\/uploads\/2022\/09\/kurfali-tekel-1024x768.jpg\" class=\"attachment-large size-large\" alt=\"Kurfal\u0131 tekel\" ids=\"72,73,74,75,76,77,80\" style=\"none\" lightbox_image_size=\"original\" type=\"grid\" grid=\"2\" grid_height=\"700px\" col_spacing=\"large\" depth_hover=\"4\" animate=\"fadeInLeft\" image_size=\"original\" srcset=\"https:\/\/kurfalitekel.com\/wp-content\/uploads\/2022\/09\/kurfali-tekel-1024x768.jpg 1024w, https:\/\/kurfalitekel.com\/wp-content\/uploads\/2022\/09\/kurfali-tekel-300x225.jpg 300w, https:\/\/kurfalitekel.com\/wp-content\/uploads\/2022\/09\/kurfali-tekel-768x576.jpg 768w, https:\/\/kurfalitekel.com\/wp-content\/uploads\/2022\/09\/kurfali-tekel-1536x1152.jpg 1536w, https:\/\/kurfalitekel.com\/wp-content\/uploads\/2022\/09\/kurfali-tekel.jpg 2048w\" sizes=\"auto, (max-width: 1020px) 100vw, 1020px\" \/>                                  <div class=\"overlay fill\"\n                      style=\"background-color: rgba(0,0,0,.15)\">\n                  <\/div>\n                                                              <\/div>\n              <div class=\"box-text text-left dark\" >\n                 <p><\/p>\n              <\/div>\n            <\/div>\n            <\/a>          <\/div>\n         <\/div><div class=\"gallery-col col grid-col grid-col-1-3 large-4 medium-12\" data-animate=\"fadeInLeft\">\n          <div class=\"col-inner\">\n            <a class=\"image-lightbox lightbox-gallery\" href=\"https:\/\/kurfalitekel.com\/wp-content\/uploads\/2022\/09\/kurfali-tekel-shop-scaled.jpg\" title=\"\">            <div class=\"box has-hover gallery-box box-overlay dark box-text-center\">\n              <div class=\"box-image box-shadow-4-hover\" >\n                <img loading=\"lazy\" decoding=\"async\" width=\"1020\" height=\"638\" src=\"https:\/\/kurfalitekel.com\/wp-content\/uploads\/2022\/09\/kurfali-tekel-shop-1024x640.jpg\" class=\"attachment-large size-large\" alt=\"Kurfal\u0131 tekel\" ids=\"72,73,74,75,76,77,80\" style=\"none\" lightbox_image_size=\"original\" type=\"grid\" grid=\"2\" grid_height=\"700px\" col_spacing=\"large\" depth_hover=\"4\" animate=\"fadeInLeft\" image_size=\"original\" srcset=\"https:\/\/kurfalitekel.com\/wp-content\/uploads\/2022\/09\/kurfali-tekel-shop-1024x640.jpg 1024w, https:\/\/kurfalitekel.com\/wp-content\/uploads\/2022\/09\/kurfali-tekel-shop-300x188.jpg 300w, https:\/\/kurfalitekel.com\/wp-content\/uploads\/2022\/09\/kurfali-tekel-shop-768x480.jpg 768w, https:\/\/kurfalitekel.com\/wp-content\/uploads\/2022\/09\/kurfali-tekel-shop-1536x960.jpg 1536w, https:\/\/kurfalitekel.com\/wp-content\/uploads\/2022\/09\/kurfali-tekel-shop-2048x1280.jpg 2048w\" sizes=\"auto, (max-width: 1020px) 100vw, 1020px\" \/>                                  <div class=\"overlay fill\"\n                      style=\"background-color: rgba(0,0,0,.15)\">\n                  <\/div>\n                                                              <\/div>\n              <div class=\"box-text text-left dark\" >\n                 <p><\/p>\n              <\/div>\n            <\/div>\n            <\/a>          <\/div>\n         <\/div><\/div>\n\n<div class=\"container section-title-container\" ><h3 class=\"section-title section-title-bold-center\"><b><\/b><span class=\"section-title-main\" style=\"color:rgb(0, 77, 145);\">KURFALI TEKEL SHOP ADRES VE \u0130LET\u0130\u015e\u0130M B\u0130LG\u0130LEr\u0130M\u0130Z<\/span><b><\/b><\/h3><\/div>\n\n<div class=\"row\"  id=\"row-1690605134\">\n\n\n\t<div id=\"col-1587399061\" class=\"col small-12 large-12\"  >\n\t\t\t\t<div class=\"col-inner\"  >\n\t\t\t\n\t\t\t\n\n<p><span style=\"color: #000000;\"><strong>Kurfal\u0131 Tekel Telefon Numaras\u0131<\/strong> : 05543314155<\/span><\/p>\n<p><span style=\"color: #000000;\"><strong>Kurfal\u0131 Tekel Adresi<\/strong> : Cumhuriyet, Abdi \u0130pek\u00e7i Cd. No:6\/A, 34876 Kartal\/\u0130stanbul<\/span><\/p>\n\n\n<iframe src=\"https:\/\/www.google.com\/maps\/embed?pb=!1m18!1m12!1m3!1d3015.7836430987613!2d29.223144515716456!3d40.898560634117594!2m3!1f0!2f0!3f0!3m2!1i1024!2i768!4f13.1!3m3!1m2!1s0x14cac5d8dfa8de57%3A0x23f03847847de7ca!2sKurfal%C4%B1%20Tekel%20Shop!5e0!3m2!1str!2str!4v1662145103920!5m2!1str!2str\" width=\"100%\" height=\"400\" style=\"border:0;\" allowfullscreen=\"\" loading=\"lazy\" referrerpolicy=\"no-referrer-when-downgrade\"><\/iframe>\n\n<div class=\"row\"  id=\"row-432498665\">\n\n\n\t<div id=\"col-469903930\" class=\"col small-12 large-12\"  >\n\t\t\t\t<div class=\"col-inner\"  >\n\t\t\t\n\t\t\t\n\n<div class=\"is-divider divider clearfix\" style=\"background-color:rgb(255, 255, 255);\"><\/div>\n\n<div class=\"row\"  id=\"row-507360031\">\n\n\n\t<div id=\"col-974813455\" class=\"col medium-4 small-12 large-4\"  >\n\t\t\t\t<div class=\"col-inner\"  >\n\t\t\t\n\t\t\t\n\n\n\t\t<\/div>\n\t\t\t\t\t<\/div>\n\n\t\n\n\t<div id=\"col-947820991\" class=\"col medium-4 small-12 large-4\"  >\n\t\t\t\t<div class=\"col-inner\"  >\n\t\t\t\n\t\t\t\n\n<a href=\"https:\/\/goo.gl\/maps\/iGiSEgczFTQ6n3nR9\" target=\"_self\" class=\"button success lowercase expand\" rel=\"nofollow noopener\">\n    <span>NAV\u0130GASYONLA YOL TAR\u0130F\u0130 \u0130\u00c7\u0130N TIKLA<\/span>\n  <i class=\"icon-angle-left\" ><\/i><\/a>\n\n\n\n\t\t<\/div>\n\t\t\t\t\t<\/div>\n\n\t\n\n\t<div id=\"col-1293772589\" class=\"col medium-4 small-12 large-4\"  >\n\t\t\t\t<div class=\"col-inner\"  >\n\t\t\t\n\t\t\t\n\n\n\t\t<\/div>\n\t\t\t\t\t<\/div>\n\n\t\n\n<\/div>\n\n\t\t<\/div>\n\t\t\t\t\t<\/div>\n\n\t\n\n<\/div>\n\n\t\t<\/div>\n\t\t\t\t\t<\/div>\n\n\t\n\n<\/div>\n\n\n\n            <div \n                class=\"elfsight-widget-whatsapp-chat elfsight-widget\" \n                data-elfsight-whatsapp-chat-options=\"%7B%22facebookSubgoup%22%3Anull%2C%22whatsappSubgoup%22%3Anull%2C%22telegramSubgoup%22%3Anull%2C%22viberSubgoup%22%3Anull%2C%22rumbletalkSubgoup%22%3Anull%2C%22divider-1%22%3Anull%2C%22userAccessToken%22%3Anull%2C%22page%22%3Anull%2C%22phone%22%3A%229005543314155%22%2C%22link%22%3Anull%2C%22userAccessTokenBubbleSubgroup%22%3Anull%2C%22bubbleIcon%22%3A%22whatsapp-chat%22%2C%22bubbleText%22%3Anull%2C%22picture%22%3A%22custom%22%2C%22pictureLibrary%22%3A%7B%22photo%22%3A%22https%3A%5C%2F%5C%2Fpbs.twimg.com%5C%2Fprofile_images%5C%2F951055655594545153%5C%2FF6eybr-i.jpg%22%7D%2C%22pictureCustom%22%3A%22https%3A%5C%2F%5C%2Fkurfalitekel.com%5C%2Fwp-content%5C%2Fuploads%5C%2F2022%5C%2F09%5C%2Fkurfali-tekel.png%22%2C%22name%22%3A%22Adem%20%5Cu015eahin%22%2C%22nameCaptionType%22%3A%22custom%22%2C%22nameCaptionReplyTime%22%3A%22Typically%20replies%20within%20a%20day%22%2C%22nameCaptionCustom%22%3A%22%5Cu00c7evrimi%5Cu00e7i%22%2C%22welcomeMessage%22%3A%22Merhaba%5Cud83d%5Cudc4b%3Cbr%3E%3Cbr%3ESipari%5Cu015f%20Mi%20Vermek%20%5Cu0130stiyorsunuz%3F%22%2C%22buttonText%22%3A%22H%5Cu0131zl%5Cu0131%20Sipari%5Cu015f%20%5Cu0130%5Cu00e7in%20T%5Cu0131klay%5Cu0131n%5Cu0131z%22%2C%22buttonIconVisible%22%3Atrue%2C%22position%22%3A%22floating%22%2C%22align%22%3A%22right%22%2C%22whereToDisplayChat%22%3A%22allPages%22%2C%22excludedPages%22%3A%5B%5D%2C%22specificPages%22%3A%5B%5D%2C%22devicesToDisplay%22%3A%5B%22mobile%22%2C%22desktop%22%5D%2C%22showChatTo%22%3A%22allVisitors%22%2C%22displayDays%22%3A%5B0%2C1%2C2%2C3%2C4%2C5%2C6%5D%2C%22timeSchedule%22%3Afalse%2C%22displayStartTime%22%3A%2200%3A00%22%2C%22displayEndTime%22%3A%2200%3A00%22%2C%22timeZone%22%3A0%2C%22timeOnPage%22%3A0%2C%22timeOnSite%22%3A0%2C%22scrollPosition%22%3A0%2C%22exiIntent%22%3Afalse%2C%22notifications%22%3A%5B%22bubbleBadge%22%2C%22tabTitle%22%5D%2C%22headerBackgroundColor%22%3A%22rgb%289%2C%2094%2C%2084%29%22%2C%22buttonColor%22%3A%22rgb%2879%2C%20206%2C%2093%29%22%2C%22bubbleBackgroundColor%22%3A%22rgb%28255%2C%20255%2C%20255%29%22%2C%22bubbleIconColor%22%3A%22rgb%2879%2C%20206%2C%2093%29%22%2C%22windowBackgroundColor%22%3A%22rgb%28230%2C%20221%2C%20212%29%22%2C%22windowBackgroundPattern%22%3A%22https%3A%5C%2F%5C%2Felfsight.com%5C%2Fassets%5C%2Fchats%5C%2Fpatterns%5C%2Fwhatsapp.png%22%2C%22buttonBorderRadius%22%3A20%2C%22widgetId%22%3A%223%22%7D\" \n                data-elfsight-whatsapp-chat-version=\"1.2.0\"\n                data-elfsight-widget-id=\"elfsight-whatsapp-chat-3\">\n            <\/div>\n            \n\n","protected":false},"excerpt":{"rendered":"<p>Kurfal\u0131 Tekel<\/p>\n","protected":false},"author":1,"featured_media":47,"parent":0,"menu_order":0,"comment_status":"closed","ping_status":"closed","template":"page-blank.php","meta":{"footnotes":""},"class_list":["post-54","page","type-page","status-publish","has-post-thumbnail","hentry"],"_links":{"self":[{"href":"https:\/\/kurfalitekel.com\/index.php?rest_route=\/wp\/v2\/pages\/54","targetHints":{"allow":["GET"]}}],"collection":[{"href":"https:\/\/kurfalitekel.com\/index.php?rest_route=\/wp\/v2\/pages"}],"about":[{"href":"https:\/\/kurfalitekel.com\/index.php?rest_route=\/wp\/v2\/types\/page"}],"author":[{"embeddable":true,"href":"https:\/\/kurfalitekel.com\/index.php?rest_route=\/wp\/v2\/users\/1"}],"replies":[{"embeddable":true,"href":"https:\/\/kurfalitekel.com\/index.php?rest_route=%2Fwp%2Fv2%2Fcomments&post=54"}],"version-history":[{"count":35,"href":"https:\/\/kurfalitekel.com\/index.php?rest_route=\/wp\/v2\/pages\/54\/revisions"}],"predecessor-version":[{"id":156,"href":"https:\/\/kurfalitekel.com\/index.php?rest_route=\/wp\/v2\/pages\/54\/revisions\/156"}],"wp:featuredmedia":[{"embeddable":true,"href":"https:\/\/kurfalitekel.com\/index.php?rest_route=\/wp\/v2\/media\/47"}],"wp:attachment":[{"href":"https:\/\/kurfalitekel.com\/index.php?rest_route=%2Fwp%2Fv2%2Fmedia&parent=54"}],"curies":[{"name":"wp","href":"https:\/\/api.w.org\/{rel}","templated":true}]}}