{"id":13,"date":"2022-09-02T13:42:37","date_gmt":"2022-09-02T13:42:37","guid":{"rendered":"https:\/\/kurfalitekel.com\/?page_id=13"},"modified":"2022-09-07T19:35:38","modified_gmt":"2022-09-07T19:35:38","slug":"hakkimizda","status":"publish","type":"page","link":"https:\/\/kurfalitekel.com\/?page_id=13","title":{"rendered":"Hakk\u0131m\u0131zda"},"content":{"rendered":"\n\t<section class=\"section\" id=\"section_165780421\">\n\t\t<div class=\"bg section-bg fill bg-fill  bg-loaded\" >\n\n\t\t\t\n\t\t\t\n\t\t\t\n\n\t\t<\/div>\n\n\t\t\n\n\t\t<div class=\"section-content relative\">\n\t\t\t\n\n<div class=\"row row-collapse row-full-width align-middle\"  id=\"row-1363947126\">\n\n\n\t<div id=\"col-254673453\" class=\"col medium-12 small-12 large-2\"  >\n\t\t\t\t<div class=\"col-inner\"  >\n\t\t\t\n\t\t\t\n\n\n  <div class=\"banner has-hover\" id=\"banner-2037055141\">\n          <div class=\"banner-inner fill\">\n        <div class=\"banner-bg fill\" >\n            <div class=\"bg fill bg-fill \"><\/div>\n                                    \n                    <\/div>\n\t\t\n        <div class=\"banner-layers container\">\n            <div class=\"fill banner-link\"><\/div>            \n\n\n        <\/div>\n      <\/div>\n\n            \n<style>\n#banner-2037055141 {\n  padding-top: 75%;\n  background-color: rgb(255, 255, 255);\n}\n#banner-2037055141 .bg.bg-loaded {\n  background-image: url(https:\/\/kurfalitekel.com\/wp-content\/uploads\/2022\/09\/kurfali-tekel-1024x768.jpg);\n}\n#banner-2037055141 .ux-shape-divider--top svg {\n  height: 150px;\n  --divider-top-width: 100%;\n}\n#banner-2037055141 .ux-shape-divider--bottom svg {\n  height: 150px;\n  --divider-width: 100%;\n}\n@media (min-width:550px) {\n  #banner-2037055141 {\n    padding-top: 500px;\n  }\n}\n<\/style>\n  <\/div>\n\n\n\n\t\t<\/div>\n\t\t\t\t\t<\/div>\n\n\t\n\n\t<div id=\"col-59513371\" class=\"col medium-12 small-12 large-8\"  >\n\t\t\t\t<div class=\"col-inner text-center\"  >\n\t\t\t\n\t\t\t\n\n\t<div id=\"text-2021711650\" class=\"text\">\n\t\t\n\n<h2>Hakk\u0131m\u0131zda<\/h2>\n\n\t\t\n<style>\n#text-2021711650 {\n  font-size: 1.3rem;\n}\n<\/style>\n\t<\/div>\n\t\n<p><span style=\"color: #555555; font-size: 14.4px;\">H\u0131zl\u0131 ve sorunsuz bir hizmet ilk ilkemizdir. Paket servisimizle m\u00fc\u015fterilerimizi yormadan evlerine ve i\u015f yerlerine sipari\u015flerini ula\u015ft\u0131rmaktay\u0131z. Sizlerin hayat\u0131n\u0131 kolayla\u015ft\u0131rmak i\u00e7in var g\u00fcc\u00fcm\u00fczle \u00e7al\u0131\u015f\u0131yoruz.<\/span><\/p>\n<a href=\"https:\/\/wa.me\/905543314155?text=%20Sipari\u015f%20Vermek%20\u0130stiyorum\" target=\"_self\" class=\"button success\" style=\"border-radius:5px;padding:7px 30px 7px 30px;\" rel=\"nofollow noopener\">\n  <i class=\"icon-phone\" ><\/i>  <span>S\u0130PAR\u0130\u015e VERMEK \u0130\u00c7\u0130N TIKLAYIN<\/span>\n  <\/a>\n\n\n\n\t\t<\/div>\n\t\t\t\t\n<style>\n#col-59513371 > .col-inner {\n  padding: 50px 40px 40px 40px;\n}\n@media (min-width:550px) {\n  #col-59513371 > .col-inner {\n    padding: 70px 100px 50px 100px;\n  }\n}\n@media (min-width:850px) {\n  #col-59513371 > .col-inner {\n    padding: 70px 70px 30px 70px;\n  }\n}\n<\/style>\n\t<\/div>\n\n\t\n\n\t<div id=\"col-2104565532\" class=\"col medium-12 small-12 large-2\"  >\n\t\t\t\t<div class=\"col-inner\"  >\n\t\t\t\n\t\t\t\n\n\n  <div class=\"banner has-hover\" id=\"banner-2029084166\">\n          <div class=\"banner-inner fill\">\n        <div class=\"banner-bg fill\" >\n            <div class=\"bg fill bg-fill \"><\/div>\n                                    \n                    <\/div>\n\t\t\n        <div class=\"banner-layers container\">\n            <div class=\"fill banner-link\"><\/div>            \n\n\n        <\/div>\n      <\/div>\n\n            \n<style>\n#banner-2029084166 {\n  padding-top: 75%;\n  background-color: rgb(255, 255, 255);\n}\n#banner-2029084166 .bg.bg-loaded {\n  background-image: url(https:\/\/kurfalitekel.com\/wp-content\/uploads\/2022\/09\/kurfali-tekel-5-1024x768.jpg);\n}\n#banner-2029084166 .ux-shape-divider--top svg {\n  height: 150px;\n  --divider-top-width: 100%;\n}\n#banner-2029084166 .ux-shape-divider--bottom svg {\n  height: 150px;\n  --divider-width: 100%;\n}\n@media (min-width:550px) {\n  #banner-2029084166 {\n    padding-top: 500px;\n  }\n}\n<\/style>\n  <\/div>\n\n\n\n\t\t<\/div>\n\t\t\t\t\t<\/div>\n\n\t\n\n<\/div>\n\n\n<iframe src=\"https:\/\/www.google.com\/maps\/embed?pb=!1m18!1m12!1m3!1d3015.7836430987613!2d29.223144515716456!3d40.898560634117594!2m3!1f0!2f0!3f0!3m2!1i1024!2i768!4f13.1!3m3!1m2!1s0x14cac5d8dfa8de57%3A0x23f03847847de7ca!2sKurfal%C4%B1%20Tekel%20Shop!5e0!3m2!1str!2str!4v1662145103920!5m2!1str!2str\" width=\"100%\" height=\"400\" style=\"border:0;\" allowfullscreen=\"\" loading=\"lazy\" referrerpolicy=\"no-referrer-when-downgrade\"><\/iframe>\n\n\n\t\t<\/div>\n\n\t\t\n<style>\n#section_165780421 {\n  padding-top: 0px;\n  padding-bottom: 0px;\n}\n#section_165780421 .ux-shape-divider--top svg {\n  height: 150px;\n  --divider-top-width: 100%;\n}\n#section_165780421 .ux-shape-divider--bottom svg {\n  height: 150px;\n  --divider-width: 100%;\n}\n<\/style>\n\t<\/section>\n\t\n","protected":false},"excerpt":{"rendered":"","protected":false},"author":1,"featured_media":103,"parent":0,"menu_order":0,"comment_status":"closed","ping_status":"closed","template":"page-blank.php","meta":{"footnotes":""},"class_list":["post-13","page","type-page","status-publish","has-post-thumbnail","hentry"],"_links":{"self":[{"href":"https:\/\/kurfalitekel.com\/index.php?rest_route=\/wp\/v2\/pages\/13","targetHints":{"allow":["GET"]}}],"collection":[{"href":"https:\/\/kurfalitekel.com\/index.php?rest_route=\/wp\/v2\/pages"}],"about":[{"href":"https:\/\/kurfalitekel.com\/index.php?rest_route=\/wp\/v2\/types\/page"}],"author":[{"embeddable":true,"href":"https:\/\/kurfalitekel.com\/index.php?rest_route=\/wp\/v2\/users\/1"}],"replies":[{"embeddable":true,"href":"https:\/\/kurfalitekel.com\/index.php?rest_route=%2Fwp%2Fv2%2Fcomments&post=13"}],"version-history":[{"count":3,"href":"https:\/\/kurfalitekel.com\/index.php?rest_route=\/wp\/v2\/pages\/13\/revisions"}],"predecessor-version":[{"id":131,"href":"https:\/\/kurfalitekel.com\/index.php?rest_route=\/wp\/v2\/pages\/13\/revisions\/131"}],"wp:featuredmedia":[{"embeddable":true,"href":"https:\/\/kurfalitekel.com\/index.php?rest_route=\/wp\/v2\/media\/103"}],"wp:attachment":[{"href":"https:\/\/kurfalitekel.com\/index.php?rest_route=%2Fwp%2Fv2%2Fmedia&parent=13"}],"curies":[{"name":"wp","href":"https:\/\/api.w.org\/{rel}","templated":true}]}}